{"id":1058,"date":"2018-07-11T12:24:53","date_gmt":"2018-07-11T16:24:53","guid":{"rendered":"http:\/\/www.acuacenter.com\/w1\/shop\/sin%20categorizar\/programador-hunter-1-zona-autonomo-bluetooh-ht-btt101\/"},"modified":"2025-09-02T13:11:27","modified_gmt":"2025-09-02T17:11:27","slug":"programador-hunter-1-zona-autonomo-bluetooh-ht-btt101","status":"publish","type":"product","link":"https:\/\/www.acuacenter.cl\/w1\/shop\/controladores-de-riego\/autonomos-bateria\/programador-hunter-1-zona-autonomo-bluetooh-ht-btt101\/","title":{"rendered":"PROGRAMADOR HUNTER 1 ZONA AUT\u00d3NOMO BLUETOOH         HT-BTT101"},"content":{"rendered":"<p>FUNCIONES<br \/>\n\u2022 Programaci\u00f3n mediante Bluetooth para un f\u00e1cil control inal\u00e1mbrico desde un tel\u00e9fono inteligente<br \/>\n\u2022 Gestione un n\u00famero ilimitado de dispositivos<br \/>\n\u2022 Aplicaci\u00f3n m\u00f3vil en m\u00faltiples idiomas<br \/>\n\u2022 Modos de Programador y Ciclo independientes<br \/>\n\u2022 Tiempos de riego de 6 y 24 horas<br \/>\n\u2022 Per\u00edodo de retraso por lluvia de 7 d\u00edas<br \/>\n\u2022 Operaci\u00f3n manual con un bot\u00f3n<br \/>\n\u2022 Apagado autom\u00e1tico del riego despu\u00e9s de 1 hora<br \/>\n\u2022 Indicador LED rojo de pila baja<br \/>\n\u2022 Protecci\u00f3n de seguridad con contrase\u00f1a<br \/>\n\u2022 Filtro de malla de entrada<br \/>\n\u2022 Incluye un adaptador de acoplamiento r\u00e1pido<br \/>\n\u2022 Pilas alcalinas incluidas<br \/>\nESPECIFICACIONES EL\u00c9CTRICAS<br \/>\n\u2022 Requiere 2 pilas alcalinas AA (1,5V) (incluidas)<br \/>\n\u2022 Bluetooth\u00ae 4.0, M\u00f3dulo de baja energ\u00eda<br \/>\n\u2022 Temperatura de funcionamiento: De 5 a 60 \u00b0C<br \/>\nESPECIFICACIONES DE FUNCIONAMIENTO<br \/>\nV\u00e1lvula solenoide de alta presi\u00f3n:<br \/>\n\u2022 Caudal: 30 l\/min a 4 bar (400 kPa)<br \/>\n\u2022 Presi\u00f3n recomendada: De 0,5 a 8 bar (50-800 kPa)<br \/>\nESPECIFICACIONES DE LA APLICACI\u00d3N<br \/>\n\u2022 iOS 9.0 o superior<br \/>\n\u2022 Android 4.4 o superior<br \/>\n\u2022 Distancia \u00f3ptima de comunicaci\u00f3n: 3-5 m<br \/>\n\u2022 Distancia m\u00e1xima de comunicaci\u00f3n: 10 m<br \/>\nCERTIFICACIONES<br \/>\n\u2022 Bluetooth, CE, IPX6<\/p>\n","protected":false},"excerpt":{"rendered":"<p>PROGRAMADOR HUNTER 1 ZONA AUT\u00d3NOMO BLUETOOH<br \/>\nHT-BTT101<\/p>\n","protected":false},"featured_media":1068,"template":"","meta":{"colormag_page_container_layout":"default_layout","colormag_page_sidebar_layout":"default_layout","_themeisle_gutenberg_block_has_review":false,"_joinchat":[]},"product_brand":[],"product_cat":[55,21],"product_tag":[],"class_list":{"0":"post-1058","1":"product","2":"type-product","3":"status-publish","4":"has-post-thumbnail","6":"product_cat-autonomos-bateria","7":"product_cat-controladores-de-riego","9":"first","10":"instock","11":"taxable","12":"shipping-taxable","13":"purchasable","14":"product-type-simple"},"_links":{"self":[{"href":"https:\/\/www.acuacenter.cl\/w1\/wp-json\/wp\/v2\/product\/1058","targetHints":{"allow":["GET"]}}],"collection":[{"href":"https:\/\/www.acuacenter.cl\/w1\/wp-json\/wp\/v2\/product"}],"about":[{"href":"https:\/\/www.acuacenter.cl\/w1\/wp-json\/wp\/v2\/types\/product"}],"wp:featuredmedia":[{"embeddable":true,"href":"https:\/\/www.acuacenter.cl\/w1\/wp-json\/wp\/v2\/media\/1068"}],"wp:attachment":[{"href":"https:\/\/www.acuacenter.cl\/w1\/wp-json\/wp\/v2\/media?parent=1058"}],"wp:term":[{"taxonomy":"product_brand","embeddable":true,"href":"https:\/\/www.acuacenter.cl\/w1\/wp-json\/wp\/v2\/product_brand?post=1058"},{"taxonomy":"product_cat","embeddable":true,"href":"https:\/\/www.acuacenter.cl\/w1\/wp-json\/wp\/v2\/product_cat?post=1058"},{"taxonomy":"product_tag","embeddable":true,"href":"https:\/\/www.acuacenter.cl\/w1\/wp-json\/wp\/v2\/product_tag?post=1058"}],"curies":[{"name":"wp","href":"https:\/\/api.w.org\/{rel}","templated":true}]}}